{"id":8,"date":"2018-08-28T11:01:34","date_gmt":"2018-08-28T11:01:34","guid":{"rendered":"http:\/\/www.sigmaphon.cz\/?page_id=8"},"modified":"2021-03-15T18:35:36","modified_gmt":"2021-03-15T18:35:36","slug":"o-nas","status":"publish","type":"page","link":"https:\/\/www.sigmaphon.cz\/index.php\/o-nas\/","title":{"rendered":"O n\u00e1s"},"content":{"rendered":"<p>Studio Sigmaphon je nov\u011b vznikaj\u00edc\u00ed nahr\u00e1vac\u00ed analogov\u00e9 studio, kter\u00e9 se bude sna\u017eit nav\u00e1zat, nejen podle jm\u00e9na, na tradici nahr\u00e1vac\u00edch studi\u00ed z\u00a0dob minul\u00fdch, p\u0159edev\u0161\u00edm nahr\u00e1vac\u00edho studia v\u00a0pra\u017esk\u00fdch Dejvic\u00edch.<\/p>\n<p>Studio bylo zalo\u017eeno v lednu roku 2018 v\u00a0prostorech atomov\u00e9ho krytu v\u00a0Lut\u00edn\u011b Zde\u0148kem Opletalem spole\u010dn\u011b s\u00a0kolegy Martinem Hopjanem a Vladim\u00edrem Milerem.<\/p>\n<p>V\u00a0sou\u010dasn\u00e9 dob\u011b prov\u00e1d\u00edme akustick\u00e9 \u00fapravy prostor.<\/p>\n<p>V\u00a0sekci &#8222;vybaven\u00ed&#8220; je seznam na\u0161eho vybaven\u00ed, kter\u00e9 neust\u00e1le dopl\u0148ujeme.<\/p>\n<p>Prov\u00e1d\u00edme tak\u00e9 p\u0159\u00edle\u017eitostn\u00e9 ozvu\u010dov\u00e1n\u00ed kulturn\u00edch akc\u00ed, v sekci &#8222;ozvu\u010dov\u00e1n\u00ed&#8220; najdete stru\u010dn\u00e9 informace o technice kterou pou\u017e\u00edv\u00e1me.<\/p>\n<p><img decoding=\"async\" src=\"https:\/\/i.postimg.cc\/764NZBq4\/IMG-0794.jpg\" \/><\/p>\n","protected":false},"excerpt":{"rendered":"<p>Studio Sigmaphon je nov\u011b vznikaj\u00edc\u00ed nahr\u00e1vac\u00ed analogov\u00e9 studio, kter\u00e9 se bude sna\u017eit nav\u00e1zat, nejen podle jm\u00e9na, na tradici nahr\u00e1vac\u00edch studi\u00ed z\u00a0dob minul\u00fdch, p\u0159edev\u0161\u00edm nahr\u00e1vac\u00edho studia v\u00a0pra\u017esk\u00fdch Dejvic\u00edch. Studio bylo zalo\u017eeno v lednu roku 2018 v\u00a0prostorech atomov\u00e9ho krytu v\u00a0Lut\u00edn\u011b Zde\u0148kem Opletalem spole\u010dn\u011b s\u00a0kolegy Martinem Hopjanem a Vladim\u00edrem Milerem. V\u00a0sou\u010dasn\u00e9 dob\u011b prov\u00e1d\u00edme akustick\u00e9 \u00fapravy prostor. V\u00a0sekci &#8222;vybaven\u00ed&#8220; &hellip; <\/p>\n<p class=\"link-more\"><a href=\"https:\/\/www.sigmaphon.cz\/index.php\/o-nas\/\" class=\"more-link\">Pokra\u010dovat ve \u010dten\u00ed<span class=\"screen-reader-text\"> &#8222;O n\u00e1s&#8220;<\/span><\/a><\/p>\n","protected":false},"author":1,"featured_media":0,"parent":0,"menu_order":0,"comment_status":"closed","ping_status":"closed","template":"","meta":{"footnotes":""},"class_list":["post-8","page","type-page","status-publish","hentry"],"_links":{"self":[{"href":"https:\/\/www.sigmaphon.cz\/index.php\/wp-json\/wp\/v2\/pages\/8","targetHints":{"allow":["GET"]}}],"collection":[{"href":"https:\/\/www.sigmaphon.cz\/index.php\/wp-json\/wp\/v2\/pages"}],"about":[{"href":"https:\/\/www.sigmaphon.cz\/index.php\/wp-json\/wp\/v2\/types\/page"}],"author":[{"embeddable":true,"href":"https:\/\/www.sigmaphon.cz\/index.php\/wp-json\/wp\/v2\/users\/1"}],"replies":[{"embeddable":true,"href":"https:\/\/www.sigmaphon.cz\/index.php\/wp-json\/wp\/v2\/comments?post=8"}],"version-history":[{"count":6,"href":"https:\/\/www.sigmaphon.cz\/index.php\/wp-json\/wp\/v2\/pages\/8\/revisions"}],"predecessor-version":[{"id":146,"href":"https:\/\/www.sigmaphon.cz\/index.php\/wp-json\/wp\/v2\/pages\/8\/revisions\/146"}],"wp:attachment":[{"href":"https:\/\/www.sigmaphon.cz\/index.php\/wp-json\/wp\/v2\/media?parent=8"}],"curies":[{"name":"wp","href":"https:\/\/api.w.org\/{rel}","templated":true}]}}