{"id":9,"date":"2018-08-28T11:01:34","date_gmt":"2018-08-28T11:01:34","guid":{"rendered":"http:\/\/www.sigmaphon.cz\/?page_id=9"},"modified":"2024-12-11T10:16:11","modified_gmt":"2024-12-11T10:16:11","slug":"kontakt","status":"publish","type":"page","link":"https:\/\/www.sigmaphon.cz\/index.php\/kontakt\/","title":{"rendered":"Kontakt"},"content":{"rendered":"\n<div class=\"wp-block-columns is-layout-flex wp-container-core-columns-is-layout-9d6595d7 wp-block-columns-is-layout-flex\">\n<div class=\"wp-block-column is-layout-flow wp-block-column-is-layout-flow\" style=\"flex-basis:100%\">\n<h1>Nahr\u00e1vac\u00ed studio Sigmaphon<\/h1>\n<h2><strong>Zden\u011bk Opletal <\/strong>&#8211; provoz<\/h2>\n<p>tel.: +420_606_262_340<\/p>\n<p>e-mail: zdenek.opletal@sigmaphon.cz<\/p>\n<h2><strong>Martin Hopjan <\/strong>&#8211; nahr\u00e1v\u00e1n\u00ed, ozvu\u010dov\u00e1n\u00ed<\/h2>\n<p>tel.: +420_736_180_180<\/p>\n<p>e-mail: martin.hopjan@sigmaphon.cz<\/p>\n<h2><strong>Vladim\u00edr Miler<\/strong> &#8211; nahr\u00e1v\u00e1n\u00ed, ozvu\u010dov\u00e1n\u00ed<\/h2>\n<p>tel. +420_737_406_314<\/p>\n<p>e-mail: vladimir.miler@sigmaphon.cz<\/p>\n<h2><strong>Luk\u00e1\u0161 Jano\u0161\u00edk <\/strong>&#8211; nahr\u00e1v\u00e1n\u00ed, ozvu\u010dov\u00e1n\u00ed<\/h2>\n<p>tel.: +420_739_724_419<\/p>\n<p>e-mail: <a href=\"https:\/\/email.seznam.cz\/#compose?to=lukesjanosik%40gmail.com\">lukesjanosik@gmail.com<\/a><\/p>\n<h2><strong>Michal Kub\u00ed\u010dek<\/strong> &#8211; webmaster<\/h2>\n<p>e-mail: ok9cet@gmail.cz<\/p>\n<h2><strong>Petr Marek<\/strong> &#8211; webmaster<\/h2>\n<p>tel.: +420_734_856_943<\/p>\n<p>email: petr.marek@volny.cz<\/p>\n<h3><strong>Nahr\u00e1vac\u00ed m\u00edstnost<\/strong><\/h3>\n<p>tel. +420 585_651_117<\/p>\n<p>e-mail: studio@sigmaphon.cz<\/p>\n<p><img decoding=\"async\" src=\"https:\/\/i.postimg.cc\/TYRfDmRJ\/studio-zima-pozadi-conbright.jpg\" \/><\/p>\n\n\n\n<p><\/p>\n<\/div>\n<\/div>\n","protected":false},"excerpt":{"rendered":"<p>Nahr\u00e1vac\u00ed studio Sigmaphon Zden\u011bk Opletal &#8211; provoz tel.: +420_606_262_340 e-mail: zdenek.opletal@sigmaphon.cz Martin Hopjan &#8211; nahr\u00e1v\u00e1n\u00ed, ozvu\u010dov\u00e1n\u00ed tel.: +420_736_180_180 e-mail: martin.hopjan@sigmaphon.cz Vladim\u00edr Miler &#8211; nahr\u00e1v\u00e1n\u00ed, ozvu\u010dov\u00e1n\u00ed tel. +420_737_406_314 e-mail: vladimir.miler@sigmaphon.cz Luk\u00e1\u0161 Jano\u0161\u00edk &#8211; nahr\u00e1v\u00e1n\u00ed, ozvu\u010dov\u00e1n\u00ed tel.: +420_739_724_419 e-mail: lukesjanosik@gmail.com Michal Kub\u00ed\u010dek &#8211; webmaster e-mail: ok9cet@gmail.cz Petr Marek &#8211; webmaster tel.: +420_734_856_943 email: petr.marek@volny.cz Nahr\u00e1vac\u00ed m\u00edstnost tel. &hellip; <\/p>\n<p class=\"link-more\"><a href=\"https:\/\/www.sigmaphon.cz\/index.php\/kontakt\/\" class=\"more-link\">Pokra\u010dovat ve \u010dten\u00ed<span class=\"screen-reader-text\"> &#8222;Kontakt&#8220;<\/span><\/a><\/p>\n","protected":false},"author":1,"featured_media":0,"parent":0,"menu_order":0,"comment_status":"closed","ping_status":"closed","template":"","meta":{"footnotes":""},"class_list":["post-9","page","type-page","status-publish","hentry"],"_links":{"self":[{"href":"https:\/\/www.sigmaphon.cz\/index.php\/wp-json\/wp\/v2\/pages\/9","targetHints":{"allow":["GET"]}}],"collection":[{"href":"https:\/\/www.sigmaphon.cz\/index.php\/wp-json\/wp\/v2\/pages"}],"about":[{"href":"https:\/\/www.sigmaphon.cz\/index.php\/wp-json\/wp\/v2\/types\/page"}],"author":[{"embeddable":true,"href":"https:\/\/www.sigmaphon.cz\/index.php\/wp-json\/wp\/v2\/users\/1"}],"replies":[{"embeddable":true,"href":"https:\/\/www.sigmaphon.cz\/index.php\/wp-json\/wp\/v2\/comments?post=9"}],"version-history":[{"count":16,"href":"https:\/\/www.sigmaphon.cz\/index.php\/wp-json\/wp\/v2\/pages\/9\/revisions"}],"predecessor-version":[{"id":214,"href":"https:\/\/www.sigmaphon.cz\/index.php\/wp-json\/wp\/v2\/pages\/9\/revisions\/214"}],"wp:attachment":[{"href":"https:\/\/www.sigmaphon.cz\/index.php\/wp-json\/wp\/v2\/media?parent=9"}],"curies":[{"name":"wp","href":"https:\/\/api.w.org\/{rel}","templated":true}]}}